{"id":95,"date":"2023-11-20T08:49:02","date_gmt":"2023-11-20T08:49:02","guid":{"rendered":"https:\/\/www.futtermittelmarkt.com\/?page_id=95"},"modified":"2025-01-03T15:30:53","modified_gmt":"2025-01-03T15:30:53","slug":"bonuskarte","status":"publish","type":"page","link":"https:\/\/www.futtermittelmarkt.com\/?page_id=95","title":{"rendered":"Bonuskarte"},"content":{"rendered":"\n<figure class=\"wp-block-image size-large\"><img loading=\"lazy\" decoding=\"async\" width=\"1024\" height=\"418\" src=\"https:\/\/www.futtermittelmarkt.com\/wp-content\/uploads\/2025\/01\/Giebel-Suendermann-1024x418.jpg\" alt=\"\" class=\"wp-image-132\" srcset=\"https:\/\/www.futtermittelmarkt.com\/wp-content\/uploads\/2025\/01\/Giebel-Suendermann-1024x418.jpg 1024w, https:\/\/www.futtermittelmarkt.com\/wp-content\/uploads\/2025\/01\/Giebel-Suendermann-300x122.jpg 300w, https:\/\/www.futtermittelmarkt.com\/wp-content\/uploads\/2025\/01\/Giebel-Suendermann-768x314.jpg 768w, https:\/\/www.futtermittelmarkt.com\/wp-content\/uploads\/2025\/01\/Giebel-Suendermann-1536x627.jpg 1536w, https:\/\/www.futtermittelmarkt.com\/wp-content\/uploads\/2025\/01\/Giebel-Suendermann.jpg 1771w\" sizes=\"auto, (max-width: 1024px) 100vw, 1024px\" \/><\/figure>\n\n\n\n<p>Als Dankesch\u00f6n f\u00fcr Ihre Treue erhalten Sie f\u00fcr jeden Kauf in H\u00f6he von min. 20,00 \u20ac einen Stempel auf Ihrer Bonuskarte. Ist die Karte voll abgestempelt, so erhalten Sie bei Ihrem n\u00e4chsten Einkauf einmalig 10% Rabatt.<\/p>\n\n\n\n<p class=\"has-small-font-size\">*gilt nicht f\u00fcr rabattierte Ware. Die karte ist in allen Filialen g\u00fcltig. <\/p>\n\n\n\n<p><\/p>\n","protected":false},"excerpt":{"rendered":"<p>Als Dankesch\u00f6n f\u00fcr Ihre Treue erhalten Sie f\u00fcr jeden Kauf in H\u00f6he von min. 20,00 \u20ac einen Stempel auf Ihrer Bonuskarte. Ist die Karte voll abgestempelt, so erhalten Sie bei Ihrem n\u00e4chsten Einkauf einmalig 10% Rabatt. *gilt nicht f\u00fcr rabattierte Ware. Die karte ist in allen Filialen g\u00fcltig.<\/p>\n","protected":false},"author":1,"featured_media":0,"parent":0,"menu_order":0,"comment_status":"closed","ping_status":"closed","template":"","meta":{"footnotes":""},"class_list":["post-95","page","type-page","status-publish"],"_links":{"self":[{"href":"https:\/\/www.futtermittelmarkt.com\/index.php?rest_route=\/wp\/v2\/pages\/95","targetHints":{"allow":["GET"]}}],"collection":[{"href":"https:\/\/www.futtermittelmarkt.com\/index.php?rest_route=\/wp\/v2\/pages"}],"about":[{"href":"https:\/\/www.futtermittelmarkt.com\/index.php?rest_route=\/wp\/v2\/types\/page"}],"author":[{"embeddable":true,"href":"https:\/\/www.futtermittelmarkt.com\/index.php?rest_route=\/wp\/v2\/users\/1"}],"replies":[{"embeddable":true,"href":"https:\/\/www.futtermittelmarkt.com\/index.php?rest_route=%2Fwp%2Fv2%2Fcomments&post=95"}],"version-history":[{"count":3,"href":"https:\/\/www.futtermittelmarkt.com\/index.php?rest_route=\/wp\/v2\/pages\/95\/revisions"}],"predecessor-version":[{"id":141,"href":"https:\/\/www.futtermittelmarkt.com\/index.php?rest_route=\/wp\/v2\/pages\/95\/revisions\/141"}],"wp:attachment":[{"href":"https:\/\/www.futtermittelmarkt.com\/index.php?rest_route=%2Fwp%2Fv2%2Fmedia&parent=95"}],"curies":[{"name":"wp","href":"https:\/\/api.w.org\/{rel}","templated":true}]}}