{"id":20,"date":"2023-06-12T09:18:40","date_gmt":"2023-06-12T09:18:40","guid":{"rendered":"https:\/\/www.futtermittelmarkt.com\/?page_id=20"},"modified":"2023-06-12T09:18:41","modified_gmt":"2023-06-12T09:18:41","slug":"service","status":"publish","type":"page","link":"https:\/\/www.futtermittelmarkt.com\/?page_id=20","title":{"rendered":"Service"},"content":{"rendered":"\n<p><strong>Futter nach Bedarf<\/strong><\/p>\n\n\n\n<p>Unser gesamtes Sortiment stellen wir Ihnen gerne nach Ihrer Vorstellung zusammen &#8211; auch in Kleinstmengen.<\/p>\n\n\n\n<p><strong>Sonderbestellungen<\/strong><\/p>\n\n\n\n<p>Aufgrund unser langj\u00e4hrigen Erfahrung im Futtermittel- und Zubeh\u00f6rbedarf k\u00f6nnen wir auf diverse Spezial- und Sonderlieferanten zugeifen.<\/p>\n\n\n\n<p>Sprechen Sie uns bei Interesse an.<\/p>\n\n\n\n<p><strong>Geschenkgutschein<\/strong><\/p>\n\n\n\n<p>Der ideale Gutschein f\u00fcr kleine und gro\u00dfe Tierfreunde!<\/p>\n","protected":false},"excerpt":{"rendered":"<p>Futter nach Bedarf Unser gesamtes Sortiment stellen wir Ihnen gerne nach Ihrer Vorstellung zusammen &#8211; auch in Kleinstmengen. Sonderbestellungen Aufgrund unser langj\u00e4hrigen Erfahrung im Futtermittel- und Zubeh\u00f6rbedarf k\u00f6nnen wir auf diverse Spezial- und Sonderlieferanten zugeifen. Sprechen Sie uns bei Interesse an. Geschenkgutschein Der ideale Gutschein f\u00fcr kleine und gro\u00dfe Tierfreunde!<\/p>\n","protected":false},"author":1,"featured_media":0,"parent":0,"menu_order":0,"comment_status":"closed","ping_status":"closed","template":"","meta":{"footnotes":""},"class_list":["post-20","page","type-page","status-publish"],"_links":{"self":[{"href":"https:\/\/www.futtermittelmarkt.com\/index.php?rest_route=\/wp\/v2\/pages\/20","targetHints":{"allow":["GET"]}}],"collection":[{"href":"https:\/\/www.futtermittelmarkt.com\/index.php?rest_route=\/wp\/v2\/pages"}],"about":[{"href":"https:\/\/www.futtermittelmarkt.com\/index.php?rest_route=\/wp\/v2\/types\/page"}],"author":[{"embeddable":true,"href":"https:\/\/www.futtermittelmarkt.com\/index.php?rest_route=\/wp\/v2\/users\/1"}],"replies":[{"embeddable":true,"href":"https:\/\/www.futtermittelmarkt.com\/index.php?rest_route=%2Fwp%2Fv2%2Fcomments&post=20"}],"version-history":[{"count":2,"href":"https:\/\/www.futtermittelmarkt.com\/index.php?rest_route=\/wp\/v2\/pages\/20\/revisions"}],"predecessor-version":[{"id":125,"href":"https:\/\/www.futtermittelmarkt.com\/index.php?rest_route=\/wp\/v2\/pages\/20\/revisions\/125"}],"wp:attachment":[{"href":"https:\/\/www.futtermittelmarkt.com\/index.php?rest_route=%2Fwp%2Fv2%2Fmedia&parent=20"}],"curies":[{"name":"wp","href":"https:\/\/api.w.org\/{rel}","templated":true}]}}