{"id":120,"date":"2023-11-20T09:15:19","date_gmt":"2023-11-20T09:15:19","guid":{"rendered":"https:\/\/www.futtermittelmarkt.com\/?page_id=120"},"modified":"2025-01-03T16:49:15","modified_gmt":"2025-01-03T16:49:15","slug":"gutschein","status":"publish","type":"page","link":"https:\/\/www.futtermittelmarkt.com\/?page_id=120","title":{"rendered":"Gutschein"},"content":{"rendered":"\n<figure class=\"wp-block-image size-full\"><img loading=\"lazy\" decoding=\"async\" width=\"700\" height=\"394\" src=\"https:\/\/www.futtermittelmarkt.com\/wp-content\/uploads\/2025\/01\/Gutschein.jpg\" alt=\"\" class=\"wp-image-136\" srcset=\"https:\/\/www.futtermittelmarkt.com\/wp-content\/uploads\/2025\/01\/Gutschein.jpg 700w, https:\/\/www.futtermittelmarkt.com\/wp-content\/uploads\/2025\/01\/Gutschein-300x169.jpg 300w\" sizes=\"auto, (max-width: 700px) 100vw, 700px\" \/><\/figure>\n\n\n\n<p>Ein Gutschein ist oft die Rettung, wenn sich die Geschenkempf\u00e4nger schwer einsch\u00e4tzen lassen.<\/p>\n\n\n\n<p>Mit unserem Geschenkgutschein haben Sie die richtige Wahl getroffen. In unseren vielf\u00e4ltigen Sortimentsangeboten f\u00fcr Haus , Garten und Tiere findet der Beschenkte immer das richtige.<\/p>\n\n\n\n<p>Kommen Sie vorbei und lassen sich von unserem Fachpersonal beraten.<\/p>\n\n\n\n<p><\/p>\n","protected":false},"excerpt":{"rendered":"<p>Ein Gutschein ist oft die Rettung, wenn sich die Geschenkempf\u00e4nger schwer einsch\u00e4tzen lassen. Mit unserem Geschenkgutschein haben Sie die richtige Wahl getroffen. In unseren vielf\u00e4ltigen Sortimentsangeboten f\u00fcr Haus , Garten und Tiere findet der Beschenkte immer das richtige. Kommen Sie vorbei und lassen sich von unserem Fachpersonal beraten.<\/p>\n","protected":false},"author":1,"featured_media":0,"parent":0,"menu_order":0,"comment_status":"closed","ping_status":"closed","template":"","meta":{"footnotes":""},"class_list":["post-120","page","type-page","status-publish"],"_links":{"self":[{"href":"https:\/\/www.futtermittelmarkt.com\/index.php?rest_route=\/wp\/v2\/pages\/120","targetHints":{"allow":["GET"]}}],"collection":[{"href":"https:\/\/www.futtermittelmarkt.com\/index.php?rest_route=\/wp\/v2\/pages"}],"about":[{"href":"https:\/\/www.futtermittelmarkt.com\/index.php?rest_route=\/wp\/v2\/types\/page"}],"author":[{"embeddable":true,"href":"https:\/\/www.futtermittelmarkt.com\/index.php?rest_route=\/wp\/v2\/users\/1"}],"replies":[{"embeddable":true,"href":"https:\/\/www.futtermittelmarkt.com\/index.php?rest_route=%2Fwp%2Fv2%2Fcomments&post=120"}],"version-history":[{"count":3,"href":"https:\/\/www.futtermittelmarkt.com\/index.php?rest_route=\/wp\/v2\/pages\/120\/revisions"}],"predecessor-version":[{"id":139,"href":"https:\/\/www.futtermittelmarkt.com\/index.php?rest_route=\/wp\/v2\/pages\/120\/revisions\/139"}],"wp:attachment":[{"href":"https:\/\/www.futtermittelmarkt.com\/index.php?rest_route=%2Fwp%2Fv2%2Fmedia&parent=120"}],"curies":[{"name":"wp","href":"https:\/\/api.w.org\/{rel}","templated":true}]}}